{"id":10988,"date":"2026-01-22T11:43:13","date_gmt":"2026-01-22T10:43:13","guid":{"rendered":"https:\/\/commandes.campingcar-infos.com\/?post_type=product&#038;p=10988"},"modified":"2026-01-22T11:44:37","modified_gmt":"2026-01-22T10:44:37","slug":"telechargement-du-contenu-de-la-cle-usb-light-janvier-2026","status":"publish","type":"product","link":"https:\/\/commandes.campingcar-infos.com\/index.php\/product\/telechargement-du-contenu-de-la-cle-usb-light-janvier-2026\/","title":{"rendered":"T\u00e9l\u00e9chargement du contenu de la cl\u00e9 USB Light Janvier 2026"},"content":{"rendered":"","protected":false},"excerpt":{"rendered":"<p><span style=\"font-family: Arial, Helvetica, sans-serif; font-size: medium;\"><span style=\"color: blue; font-size: large;\"><span style=\"color: #ff0000;\"><span style=\"color: green;\"><span style=\"font-size: small;\"><span style=\"font-family: Arial, Helvetica, sans-serif; font-size: small;\"><label for=\"prodopt_4\">T\u00e9l\u00e9chargement contenu cl\u00e9 USB CCI JUILLET 2025 <b>\u00ab\u00a0Light\u00a0\u00bb<\/b> <\/label><br \/>\nTarif pour les membres de l&rsquo;association avec le <span style=\"color: red;\"><b><a href=\"http:\/\/forum.campingcar-infos.com\/viewtopic.php?t=10518\" target=\"blank\" rel=\"noopener noreferrer\">Code membre CCI : <\/a><\/b><\/span>: <b>5.00 EUR <\/b><br \/>\n(pour installation sur votre propre cl\u00e9 USB ou sur votre disque dur)<br \/>\ncette version contient la totalit\u00e9 des informations, phots, commentaires et fonds de cartes<br \/>\n<b>Uniquement pour la France et ses pays limitrophes<\/b>(Allemagne, Belgique, Luxembourg, Suisse, Italie, Espagne, Andorre et grande-Bretagne)<\/span><\/span><\/span><\/span><\/span><\/span><\/p>\n<p><span style=\"color: #ff0000;\"><strong>Note importante :<\/strong><\/span><\/p>\n<p>La derni\u00e8re version de Firefox (68) emp\u00eache l&rsquo;ex\u00e9cution correcte de notre cl\u00e9 USB (ou de sa version t\u00e9l\u00e9chargeable)<\/p>\n<p>Nous cherchons une solution, mais pour l&rsquo;instant, nous ne pouvons que vous proposer que des solutions de contournement du probl\u00e8me :<\/p>\n<p>&#8211; Soit t\u00e9l\u00e9charger et installer le navigateur Internet \u00ab\u00a0Pale Moon\u00a0\u00bb <a href=\"https:\/\/www.palemoon.org\/download.shtml\">https:\/\/www.palemoon.org\/download.shtml<\/a> et ensuite ouvrir le fichier index avec un clic droit pour \u00ab\u00a0ouvrir avec\u00a0\u00bb et enfin Pale Moon<\/p>\n<p>&#8211; Ou utiliser Internet Explorer, en proc\u00e9dant de la m\u00eame mani\u00e8re (clic droit, puis \u00ab\u00a0ouvrir avec\u00a0\u00bb et choisir \u00ab\u00a0Internet Explorer\u00a0\u00bb), mais dans ce cas il faudra syst\u00e9matiquement cliquer sur le bouton \u00ab\u00a0Autoriser le contenu bloqu\u00e9\u00a0\u00bb qui s&rsquo;affiche au bas de l&rsquo;\u00e9cran.<\/p>\n<p>Merci de votre compr\u00e9hension<\/p>\n","protected":false},"featured_media":86,"template":"","meta":[],"product_brand":[],"product_cat":[18],"product_tag":[],"class_list":{"0":"post-10988","1":"product","2":"type-product","3":"status-publish","4":"has-post-thumbnail","6":"product_cat-cle-usb-telechargements","8":"first","9":"instock","10":"downloadable","11":"virtual","12":"sold-individually","13":"purchasable","14":"product-type-simple"},"_links":{"self":[{"href":"https:\/\/commandes.campingcar-infos.com\/index.php\/wp-json\/wp\/v2\/product\/10988","targetHints":{"allow":["GET"]}}],"collection":[{"href":"https:\/\/commandes.campingcar-infos.com\/index.php\/wp-json\/wp\/v2\/product"}],"about":[{"href":"https:\/\/commandes.campingcar-infos.com\/index.php\/wp-json\/wp\/v2\/types\/product"}],"wp:featuredmedia":[{"embeddable":true,"href":"https:\/\/commandes.campingcar-infos.com\/index.php\/wp-json\/wp\/v2\/media\/86"}],"wp:attachment":[{"href":"https:\/\/commandes.campingcar-infos.com\/index.php\/wp-json\/wp\/v2\/media?parent=10988"}],"wp:term":[{"taxonomy":"product_brand","embeddable":true,"href":"https:\/\/commandes.campingcar-infos.com\/index.php\/wp-json\/wp\/v2\/product_brand?post=10988"},{"taxonomy":"product_cat","embeddable":true,"href":"https:\/\/commandes.campingcar-infos.com\/index.php\/wp-json\/wp\/v2\/product_cat?post=10988"},{"taxonomy":"product_tag","embeddable":true,"href":"https:\/\/commandes.campingcar-infos.com\/index.php\/wp-json\/wp\/v2\/product_tag?post=10988"}],"curies":[{"name":"wp","href":"https:\/\/api.w.org\/{rel}","templated":true}]}}